{"id":5878,"date":"2023-04-18T20:35:11","date_gmt":"2023-04-18T18:35:11","guid":{"rendered":"https:\/\/eccebio.eu\/home-page\/pourquoi-du-bio\/"},"modified":"2023-05-04T17:48:39","modified_gmt":"2023-05-04T15:48:39","slug":"pourquoi-du-bio","status":"publish","type":"page","link":"https:\/\/eccebio.eu\/fr\/home-page\/pourquoi-du-bio\/","title":{"rendered":"Pourquoi du bio ?"},"content":{"rendered":"<div class=\"fusion-fullwidth fullwidth-box fusion-builder-row-1 fusion-flex-container has-pattern-background has-mask-background nonhundred-percent-fullwidth non-hundred-percent-height-scrolling\" style=\"--awb-border-radius-top-left:0px;--awb-border-radius-top-right:0px;--awb-border-radius-bottom-right:0px;--awb-border-radius-bottom-left:0px;--awb-flex-wrap:wrap;\" ><div class=\"fusion-builder-row fusion-row fusion-flex-align-items-flex-start fusion-flex-content-wrap\" style=\"max-width:1216.8px;margin-left: calc(-4% \/ 2 );margin-right: calc(-4% \/ 2 );\"><div class=\"fusion-layout-column fusion_builder_column fusion-builder-column-0 fusion_builder_column_1_1 1_1 fusion-flex-column\" style=\"--awb-bg-size:cover;--awb-width-large:100%;--awb-margin-top-large:0px;--awb-spacing-right-large:1.92%;--awb-margin-bottom-large:20px;--awb-spacing-left-large:1.92%;--awb-width-medium:100%;--awb-order-medium:0;--awb-spacing-right-medium:1.92%;--awb-spacing-left-medium:1.92%;--awb-width-small:100%;--awb-order-small:0;--awb-spacing-right-small:1.92%;--awb-spacing-left-small:1.92%;\"><div class=\"fusion-column-wrapper fusion-column-has-shadow fusion-flex-justify-content-flex-start fusion-content-layout-column\"><div class=\"fusion-image-element \" style=\"text-align:center;--awb-caption-title-font-family:var(--h2_typography-font-family);--awb-caption-title-font-weight:var(--h2_typography-font-weight);--awb-caption-title-font-style:var(--h2_typography-font-style);--awb-caption-title-size:var(--h2_typography-font-size);--awb-caption-title-transform:var(--h2_typography-text-transform);--awb-caption-title-line-height:var(--h2_typography-line-height);--awb-caption-title-letter-spacing:var(--h2_typography-letter-spacing);\"><span class=\" fusion-imageframe imageframe-none imageframe-1 hover-type-none\"><img decoding=\"async\" width=\"2048\" height=\"1058\" title=\"ladybug_on_a_olive_pagina-gigapixel-standard-scale-2_00x\" src=\"https:\/\/eccebio.eu\/wp-content\/uploads\/2023\/04\/ladybug_on_a_olive_pagina-gigapixel-standard-scale-2_00x.jpg\" data-orig-src=\"https:\/\/eccebio.eu\/wp-content\/uploads\/2023\/04\/ladybug_on_a_olive_pagina-gigapixel-standard-scale-2_00x.jpg\" alt class=\"lazyload img-responsive wp-image-5331\" srcset=\"data:image\/svg+xml,%3Csvg%20xmlns%3D%27http%3A%2F%2Fwww.w3.org%2F2000%2Fsvg%27%20width%3D%272048%27%20height%3D%271058%27%20viewBox%3D%270%200%202048%201058%27%3E%3Crect%20width%3D%272048%27%20height%3D%271058%27%20fill-opacity%3D%220%22%2F%3E%3C%2Fsvg%3E\" data-srcset=\"https:\/\/eccebio.eu\/wp-content\/uploads\/2023\/04\/ladybug_on_a_olive_pagina-gigapixel-standard-scale-2_00x-200x103.jpg 200w, https:\/\/eccebio.eu\/wp-content\/uploads\/2023\/04\/ladybug_on_a_olive_pagina-gigapixel-standard-scale-2_00x-400x207.jpg 400w, https:\/\/eccebio.eu\/wp-content\/uploads\/2023\/04\/ladybug_on_a_olive_pagina-gigapixel-standard-scale-2_00x-600x310.jpg 600w, https:\/\/eccebio.eu\/wp-content\/uploads\/2023\/04\/ladybug_on_a_olive_pagina-gigapixel-standard-scale-2_00x-800x413.jpg 800w, https:\/\/eccebio.eu\/wp-content\/uploads\/2023\/04\/ladybug_on_a_olive_pagina-gigapixel-standard-scale-2_00x-1200x620.jpg 1200w, https:\/\/eccebio.eu\/wp-content\/uploads\/2023\/04\/ladybug_on_a_olive_pagina-gigapixel-standard-scale-2_00x.jpg 2048w\" data-sizes=\"auto\" data-orig-sizes=\"(max-width: 1024px) 100vw, (max-width: 640px) 100vw, 1200px\" \/><\/span><\/div><div class=\"fusion-title title fusion-title-1 fusion-title-text fusion-title-size-two\" style=\"--awb-margin-top:20px;--awb-margin-top-small:0px;--awb-margin-bottom-small:20px;\"><div class=\"title-sep-container title-sep-container-left fusion-no-large-visibility fusion-no-medium-visibility fusion-no-small-visibility\"><div class=\"title-sep sep- sep-solid\" style=\"border-color:var(--awb-color3);\"><\/div><\/div><span class=\"awb-title-spacer fusion-no-large-visibility fusion-no-medium-visibility fusion-no-small-visibility\"><\/span><h2 class=\"fusion-title-heading title-heading-left fusion-responsive-typography-calculated\" style=\"margin:0;text-transform:none;--fontSize:42;line-height:1;\">Pourquoi du bio ?<\/h2><span class=\"awb-title-spacer\"><\/span><div class=\"title-sep-container title-sep-container-right\"><div class=\"title-sep sep- sep-solid\" style=\"border-color:var(--awb-color3);\"><\/div><\/div><\/div><div class=\"fusion-text fusion-text-1\"><p>La r\u00e9ponse est simple : parce que c\u2019est bon et parce que cela fait du bien. L\u2019huile d\u2019olive extra vierge bio est extraite d&rsquo;olives saines et vertes, r\u00e9colt\u00e9es dans le respect de la plante et surtout press\u00e9es rapidement. De plus, son traitement ne se fait que par des proc\u00e9d\u00e9s m\u00e9caniques. Il ne faut pas sous-estimer l\u2019importance de la certification bio : une huile biologique ne peut \u00eatre produite que par extraction m\u00e9canique, \u00e0 froid. Une huile d&rsquo;olive extra vierge ne permet pas l\u2019utilisation de solvants ! Pour obtenir la certification bio, il est essentiel de se conformer \u00e0 la r\u00e9glementation de l\u2019Union europ\u00e9enne. En outre, l&rsquo;exploitation doit se soumettre p\u00e9riodiquement \u00e0 une s\u00e9rie de contr\u00f4les effectu\u00e9s par le minist\u00e8re de l&rsquo;Agriculture, de la Souverainet\u00e9 alimentaire et des For\u00eats.<\/p>\n<\/div><\/div><\/div><\/div><\/div>\n","protected":false},"excerpt":{"rendered":"","protected":false},"author":1,"featured_media":0,"parent":5663,"menu_order":0,"comment_status":"closed","ping_status":"closed","template":"100-width.php","meta":{"om_disable_all_campaigns":false,"_monsterinsights_skip_tracking":false,"_monsterinsights_sitenote_active":false,"_monsterinsights_sitenote_note":"","_monsterinsights_sitenote_category":0,"_uf_show_specific_survey":0,"_uf_disable_surveys":false,"footnotes":""},"class_list":["post-5878","page","type-page","status-publish","hentry"],"aioseo_notices":[],"_links":{"self":[{"href":"https:\/\/eccebio.eu\/fr\/wp-json\/wp\/v2\/pages\/5878","targetHints":{"allow":["GET"]}}],"collection":[{"href":"https:\/\/eccebio.eu\/fr\/wp-json\/wp\/v2\/pages"}],"about":[{"href":"https:\/\/eccebio.eu\/fr\/wp-json\/wp\/v2\/types\/page"}],"author":[{"embeddable":true,"href":"https:\/\/eccebio.eu\/fr\/wp-json\/wp\/v2\/users\/1"}],"replies":[{"embeddable":true,"href":"https:\/\/eccebio.eu\/fr\/wp-json\/wp\/v2\/comments?post=5878"}],"version-history":[{"count":9,"href":"https:\/\/eccebio.eu\/fr\/wp-json\/wp\/v2\/pages\/5878\/revisions"}],"predecessor-version":[{"id":5887,"href":"https:\/\/eccebio.eu\/fr\/wp-json\/wp\/v2\/pages\/5878\/revisions\/5887"}],"up":[{"embeddable":true,"href":"https:\/\/eccebio.eu\/fr\/wp-json\/wp\/v2\/pages\/5663"}],"wp:attachment":[{"href":"https:\/\/eccebio.eu\/fr\/wp-json\/wp\/v2\/media?parent=5878"}],"curies":[{"name":"wp","href":"https:\/\/api.w.org\/{rel}","templated":true}]}}