{"id":5815,"date":"2023-04-18T21:59:20","date_gmt":"2023-04-18T19:59:20","guid":{"rendered":"https:\/\/eccebio.eu\/home-page\/olives-de-table-biologiques\/"},"modified":"2023-05-04T11:12:25","modified_gmt":"2023-05-04T09:12:25","slug":"olives-de-table-biologiques","status":"publish","type":"page","link":"https:\/\/eccebio.eu\/fr\/home-page\/olives-de-table-biologiques\/","title":{"rendered":"Olives de table biologiques"},"content":{"rendered":"<div class=\"fusion-fullwidth fullwidth-box fusion-builder-row-1 fusion-flex-container has-pattern-background has-mask-background nonhundred-percent-fullwidth non-hundred-percent-height-scrolling\" style=\"--awb-border-radius-top-left:0px;--awb-border-radius-top-right:0px;--awb-border-radius-bottom-right:0px;--awb-border-radius-bottom-left:0px;--awb-flex-wrap:wrap;\" ><div class=\"fusion-builder-row fusion-row fusion-flex-align-items-flex-start fusion-flex-content-wrap\" style=\"max-width:1216.8px;margin-left: calc(-4% \/ 2 );margin-right: calc(-4% \/ 2 );\"><div class=\"fusion-layout-column fusion_builder_column fusion-builder-column-0 fusion_builder_column_1_1 1_1 fusion-flex-column\" style=\"--awb-bg-size:cover;--awb-width-large:100%;--awb-margin-top-large:0px;--awb-spacing-right-large:1.92%;--awb-margin-bottom-large:20px;--awb-spacing-left-large:1.92%;--awb-width-medium:100%;--awb-order-medium:0;--awb-spacing-right-medium:1.92%;--awb-spacing-left-medium:1.92%;--awb-width-small:100%;--awb-order-small:0;--awb-spacing-right-small:1.92%;--awb-spacing-left-small:1.92%;\"><div class=\"fusion-column-wrapper fusion-column-has-shadow fusion-flex-justify-content-flex-start fusion-content-layout-column\"><div class=\"fusion-image-element \" style=\"text-align:center;--awb-caption-title-font-family:var(--h2_typography-font-family);--awb-caption-title-font-weight:var(--h2_typography-font-weight);--awb-caption-title-font-style:var(--h2_typography-font-style);--awb-caption-title-size:var(--h2_typography-font-size);--awb-caption-title-transform:var(--h2_typography-text-transform);--awb-caption-title-line-height:var(--h2_typography-line-height);--awb-caption-title-letter-spacing:var(--h2_typography-letter-spacing);\"><span class=\" fusion-imageframe imageframe-none imageframe-1 hover-type-none\"><img decoding=\"async\" width=\"2000\" height=\"780\" title=\"olive-da-tavola-per-pagina\" src=\"https:\/\/eccebio.eu\/wp-content\/uploads\/2023\/04\/olive-da-tavola-per-pagina.jpg\" data-orig-src=\"https:\/\/eccebio.eu\/wp-content\/uploads\/2023\/04\/olive-da-tavola-per-pagina.jpg\" alt class=\"lazyload img-responsive wp-image-5370\" srcset=\"data:image\/svg+xml,%3Csvg%20xmlns%3D%27http%3A%2F%2Fwww.w3.org%2F2000%2Fsvg%27%20width%3D%272000%27%20height%3D%27780%27%20viewBox%3D%270%200%202000%20780%27%3E%3Crect%20width%3D%272000%27%20height%3D%27780%27%20fill-opacity%3D%220%22%2F%3E%3C%2Fsvg%3E\" data-srcset=\"https:\/\/eccebio.eu\/wp-content\/uploads\/2023\/04\/olive-da-tavola-per-pagina-200x78.jpg 200w, https:\/\/eccebio.eu\/wp-content\/uploads\/2023\/04\/olive-da-tavola-per-pagina-400x156.jpg 400w, https:\/\/eccebio.eu\/wp-content\/uploads\/2023\/04\/olive-da-tavola-per-pagina-600x234.jpg 600w, https:\/\/eccebio.eu\/wp-content\/uploads\/2023\/04\/olive-da-tavola-per-pagina-800x312.jpg 800w, https:\/\/eccebio.eu\/wp-content\/uploads\/2023\/04\/olive-da-tavola-per-pagina-1200x468.jpg 1200w, https:\/\/eccebio.eu\/wp-content\/uploads\/2023\/04\/olive-da-tavola-per-pagina.jpg 2000w\" data-sizes=\"auto\" data-orig-sizes=\"(max-width: 1024px) 100vw, (max-width: 640px) 100vw, 1200px\" \/><\/span><\/div><div class=\"fusion-title title fusion-title-1 fusion-title-text fusion-title-size-two\" style=\"--awb-margin-top:20px;--awb-margin-top-small:0px;--awb-margin-bottom-small:20px;\"><div class=\"title-sep-container title-sep-container-left fusion-no-large-visibility fusion-no-medium-visibility fusion-no-small-visibility\"><div class=\"title-sep sep- sep-solid\" style=\"border-color:var(--awb-color3);\"><\/div><\/div><span class=\"awb-title-spacer fusion-no-large-visibility fusion-no-medium-visibility fusion-no-small-visibility\"><\/span><h2 class=\"fusion-title-heading title-heading-left fusion-responsive-typography-calculated\" style=\"margin:0;text-transform:none;--fontSize:42;line-height:1;\">Olive saine en terre saine.<\/h2><span class=\"awb-title-spacer\"><\/span><div class=\"title-sep-container title-sep-container-right\"><div class=\"title-sep sep- sep-solid\" style=\"border-color:var(--awb-color3);\"><\/div><\/div><\/div><div class=\"fusion-text fusion-text-1\"><p>Encourager l\u2019agriculture biologique signifie adopter un mod\u00e8le de production qui \u00e9vite la surexploitation des ressources naturelles, telles que le sol, l\u2019eau et l\u2019air, et \u00e9galement investir dans un avenir respectueux de l&rsquo;environnement. Le territoire de l&rsquo;Europe m\u00e9diterran\u00e9enne offre une grande vari\u00e9t\u00e9 de typologies ol\u00e9icoles de tr\u00e8s haute qualit\u00e9, qui ont \u00e9volu\u00e9 au fil du temps et dans des contextes tr\u00e8s diff\u00e9rents en raison de conditions environnementales, climatiques et paysag\u00e8res uniques. Un patrimoine d&rsquo;une biodiversit\u00e9 extraordinaire \u00e0 entretenir et \u00e0 valoriser, auquel chaque territoire contribue en produisant diff\u00e9rentes vari\u00e9t\u00e9s d&rsquo;olives (\u00ab cultivar \u00bb), caract\u00e9ris\u00e9es par des propri\u00e9t\u00e9s organoleptiques particuli\u00e8res La production europ\u00e9enne d&rsquo;olives est donc corr\u00e9l\u00e9e \u00e0 des conditions uniques qui ont \u00e9volu\u00e9 au fil du temps, si bien qu&rsquo;elle est aujourd&rsquo;hui singuli\u00e8re et inimitable en termes de go\u00fbt, de caract\u00e8res nutritionnels et de sant\u00e9.<\/p>\n<\/div><\/div><\/div><\/div><\/div>\n","protected":false},"excerpt":{"rendered":"","protected":false},"author":1,"featured_media":0,"parent":5663,"menu_order":0,"comment_status":"closed","ping_status":"closed","template":"100-width.php","meta":{"om_disable_all_campaigns":false,"_monsterinsights_skip_tracking":false,"_monsterinsights_sitenote_active":false,"_monsterinsights_sitenote_note":"","_monsterinsights_sitenote_category":0,"_uf_show_specific_survey":0,"_uf_disable_surveys":false,"footnotes":""},"class_list":["post-5815","page","type-page","status-publish","hentry"],"aioseo_notices":[],"_links":{"self":[{"href":"https:\/\/eccebio.eu\/fr\/wp-json\/wp\/v2\/pages\/5815","targetHints":{"allow":["GET"]}}],"collection":[{"href":"https:\/\/eccebio.eu\/fr\/wp-json\/wp\/v2\/pages"}],"about":[{"href":"https:\/\/eccebio.eu\/fr\/wp-json\/wp\/v2\/types\/page"}],"author":[{"embeddable":true,"href":"https:\/\/eccebio.eu\/fr\/wp-json\/wp\/v2\/users\/1"}],"replies":[{"embeddable":true,"href":"https:\/\/eccebio.eu\/fr\/wp-json\/wp\/v2\/comments?post=5815"}],"version-history":[{"count":5,"href":"https:\/\/eccebio.eu\/fr\/wp-json\/wp\/v2\/pages\/5815\/revisions"}],"predecessor-version":[{"id":5821,"href":"https:\/\/eccebio.eu\/fr\/wp-json\/wp\/v2\/pages\/5815\/revisions\/5821"}],"up":[{"embeddable":true,"href":"https:\/\/eccebio.eu\/fr\/wp-json\/wp\/v2\/pages\/5663"}],"wp:attachment":[{"href":"https:\/\/eccebio.eu\/fr\/wp-json\/wp\/v2\/media?parent=5815"}],"curies":[{"name":"wp","href":"https:\/\/api.w.org\/{rel}","templated":true}]}}