{"id":5749,"date":"2023-04-18T21:44:01","date_gmt":"2023-04-18T19:44:01","guid":{"rendered":"https:\/\/eccebio.eu\/home-page\/huile-dolive-extra-vierge-bio\/"},"modified":"2023-05-04T10:48:35","modified_gmt":"2023-05-04T08:48:35","slug":"huile-dolive-extra-vierge-bio","status":"publish","type":"page","link":"https:\/\/eccebio.eu\/fr\/home-page\/huile-dolive-extra-vierge-bio\/","title":{"rendered":"Huile d\u2019olive extra vierge bio"},"content":{"rendered":"<div class=\"fusion-fullwidth fullwidth-box fusion-builder-row-1 fusion-flex-container has-pattern-background has-mask-background nonhundred-percent-fullwidth non-hundred-percent-height-scrolling\" style=\"--awb-border-radius-top-left:0px;--awb-border-radius-top-right:0px;--awb-border-radius-bottom-right:0px;--awb-border-radius-bottom-left:0px;--awb-flex-wrap:wrap;\" ><div class=\"fusion-builder-row fusion-row fusion-flex-align-items-flex-start fusion-flex-content-wrap\" style=\"max-width:1216.8px;margin-left: calc(-4% \/ 2 );margin-right: calc(-4% \/ 2 );\"><div class=\"fusion-layout-column fusion_builder_column fusion-builder-column-0 fusion_builder_column_1_1 1_1 fusion-flex-column\" style=\"--awb-bg-size:cover;--awb-width-large:100%;--awb-margin-top-large:0px;--awb-spacing-right-large:1.92%;--awb-margin-bottom-large:20px;--awb-spacing-left-large:1.92%;--awb-width-medium:100%;--awb-order-medium:0;--awb-spacing-right-medium:1.92%;--awb-spacing-left-medium:1.92%;--awb-width-small:100%;--awb-order-small:0;--awb-spacing-right-small:1.92%;--awb-spacing-left-small:1.92%;\"><div class=\"fusion-column-wrapper fusion-column-has-shadow fusion-flex-justify-content-flex-start fusion-content-layout-column\"><div class=\"fusion-image-element \" style=\"text-align:center;--awb-caption-title-font-family:var(--h2_typography-font-family);--awb-caption-title-font-weight:var(--h2_typography-font-weight);--awb-caption-title-font-style:var(--h2_typography-font-style);--awb-caption-title-size:var(--h2_typography-font-size);--awb-caption-title-transform:var(--h2_typography-text-transform);--awb-caption-title-line-height:var(--h2_typography-line-height);--awb-caption-title-letter-spacing:var(--h2_typography-letter-spacing);\"><span class=\" fusion-imageframe imageframe-none imageframe-1 hover-type-none\"><img decoding=\"async\" width=\"2560\" height=\"1496\" title=\"Bottle of oil with olive branch\" src=\"https:\/\/eccebio.eu\/wp-content\/uploads\/2023\/04\/immagine-PAGINA-olio-bio-scaled.jpg\" data-orig-src=\"https:\/\/eccebio.eu\/wp-content\/uploads\/2023\/04\/immagine-PAGINA-olio-bio-scaled.jpg\" alt class=\"lazyload img-responsive wp-image-5356\" srcset=\"data:image\/svg+xml,%3Csvg%20xmlns%3D%27http%3A%2F%2Fwww.w3.org%2F2000%2Fsvg%27%20width%3D%272560%27%20height%3D%271496%27%20viewBox%3D%270%200%202560%201496%27%3E%3Crect%20width%3D%272560%27%20height%3D%271496%27%20fill-opacity%3D%220%22%2F%3E%3C%2Fsvg%3E\" data-srcset=\"https:\/\/eccebio.eu\/wp-content\/uploads\/2023\/04\/immagine-PAGINA-olio-bio-200x117.jpg 200w, https:\/\/eccebio.eu\/wp-content\/uploads\/2023\/04\/immagine-PAGINA-olio-bio-400x234.jpg 400w, https:\/\/eccebio.eu\/wp-content\/uploads\/2023\/04\/immagine-PAGINA-olio-bio-600x351.jpg 600w, https:\/\/eccebio.eu\/wp-content\/uploads\/2023\/04\/immagine-PAGINA-olio-bio-800x468.jpg 800w, https:\/\/eccebio.eu\/wp-content\/uploads\/2023\/04\/immagine-PAGINA-olio-bio-1200x701.jpg 1200w, https:\/\/eccebio.eu\/wp-content\/uploads\/2023\/04\/immagine-PAGINA-olio-bio-scaled.jpg 2560w\" data-sizes=\"auto\" data-orig-sizes=\"(max-width: 1024px) 100vw, (max-width: 640px) 100vw, 1200px\" \/><\/span><\/div><div class=\"fusion-title title fusion-title-1 fusion-title-text fusion-title-size-two\" style=\"--awb-margin-top:20px;--awb-margin-top-small:0px;--awb-margin-bottom-small:20px;\"><div class=\"title-sep-container title-sep-container-left fusion-no-large-visibility fusion-no-medium-visibility fusion-no-small-visibility\"><div class=\"title-sep sep- sep-solid\" style=\"border-color:var(--awb-color3);\"><\/div><\/div><span class=\"awb-title-spacer fusion-no-large-visibility fusion-no-medium-visibility fusion-no-small-visibility\"><\/span><h2 class=\"fusion-title-heading title-heading-left fusion-responsive-typography-calculated\" style=\"margin:0;text-transform:none;--fontSize:42;line-height:1;\">Huile d\u2019olive extra vierge bio. Le bon qui favorise le bien-\u00eatre.<\/h2><span class=\"awb-title-spacer\"><\/span><div class=\"title-sep-container title-sep-container-right\"><div class=\"title-sep sep- sep-solid\" style=\"border-color:var(--awb-color3);\"><\/div><\/div><\/div><div class=\"fusion-text fusion-text-1\"><p>L\u2019huile d\u2019olive extra vierge n\u2019est pas seulement un aliment, c\u2019est aussi un formidable alli\u00e9 dans la pr\u00e9vention de nombreuses pathologies. Plusieurs \u00e9tudes ont d\u00e9montr\u00e9 de quelle mani\u00e8re la consommation quotidienne d&rsquo;huile d&rsquo;olive extra vierge peut aider \u00e0 r\u00e9duire la pr\u00e9sence dans le sang du cholest\u00e9rol LDL, c\u2019est-\u00e0-dire le \u00ab mauvais cholest\u00e9rol \u00bb et augmenter le pourcentage du cholest\u00e9rol HDL, le \u00ab bon \u00bb cholest\u00e9rol Consommer de l&rsquo;huile d&rsquo;olive extra vierge biologique r\u00e9guli\u00e8rement, \u00e0 table ou en dehors des repas, contribue \u00e0 r\u00e9duire la pression art\u00e9rielle et \u00e0 pr\u00e9venir les maladies cardiaques. Mais cela ne s\u2019arr\u00eate pas l\u00e0 : les polyph\u00e9nols et la vitamine E pr\u00e9sents dans l\u2019huile d\u2019olive extra vierge exercent une formidable action antioxydante, ce qui contribue \u00e0 pr\u00e9venir l\u2019art\u00e9rioscl\u00e9rose, en ralentissant le vieillissement des cellules et de la peau. En outre, des \u00e9tudes r\u00e9centes ont mis l\u2019accent sur le bien-\u00eatre des personnes qui suivent un r\u00e9gime riche en huile d&rsquo;olive extra vierge et sur le fait qu&rsquo;elles pr\u00e9sentent des probl\u00e8mes d&rsquo;ost\u00e9oporose et de polyarthrite rhumato\u00efde inf\u00e9rieurs par rapport aux personnes qui en consomment peu.<\/p>\n<\/div><\/div><\/div><\/div><\/div>\n","protected":false},"excerpt":{"rendered":"","protected":false},"author":1,"featured_media":0,"parent":5663,"menu_order":0,"comment_status":"closed","ping_status":"closed","template":"100-width.php","meta":{"om_disable_all_campaigns":false,"_monsterinsights_skip_tracking":false,"_monsterinsights_sitenote_active":false,"_monsterinsights_sitenote_note":"","_monsterinsights_sitenote_category":0,"_uf_show_specific_survey":0,"_uf_disable_surveys":false,"footnotes":""},"class_list":["post-5749","page","type-page","status-publish","hentry"],"aioseo_notices":[],"_links":{"self":[{"href":"https:\/\/eccebio.eu\/fr\/wp-json\/wp\/v2\/pages\/5749","targetHints":{"allow":["GET"]}}],"collection":[{"href":"https:\/\/eccebio.eu\/fr\/wp-json\/wp\/v2\/pages"}],"about":[{"href":"https:\/\/eccebio.eu\/fr\/wp-json\/wp\/v2\/types\/page"}],"author":[{"embeddable":true,"href":"https:\/\/eccebio.eu\/fr\/wp-json\/wp\/v2\/users\/1"}],"replies":[{"embeddable":true,"href":"https:\/\/eccebio.eu\/fr\/wp-json\/wp\/v2\/comments?post=5749"}],"version-history":[{"count":9,"href":"https:\/\/eccebio.eu\/fr\/wp-json\/wp\/v2\/pages\/5749\/revisions"}],"predecessor-version":[{"id":5758,"href":"https:\/\/eccebio.eu\/fr\/wp-json\/wp\/v2\/pages\/5749\/revisions\/5758"}],"up":[{"embeddable":true,"href":"https:\/\/eccebio.eu\/fr\/wp-json\/wp\/v2\/pages\/5663"}],"wp:attachment":[{"href":"https:\/\/eccebio.eu\/fr\/wp-json\/wp\/v2\/media?parent=5749"}],"curies":[{"name":"wp","href":"https:\/\/api.w.org\/{rel}","templated":true}]}}