{"id":5823,"date":"2023-04-18T21:59:20","date_gmt":"2023-04-18T19:59:20","guid":{"rendered":"https:\/\/eccebio.eu\/home-page\/bio-tafeloliven\/"},"modified":"2023-05-04T11:15:44","modified_gmt":"2023-05-04T09:15:44","slug":"bio-tafeloliven","status":"publish","type":"page","link":"https:\/\/eccebio.eu\/de\/home-page\/bio-tafeloliven\/","title":{"rendered":"Bio-Tafeloliven"},"content":{"rendered":"<div class=\"fusion-fullwidth fullwidth-box fusion-builder-row-1 fusion-flex-container has-pattern-background has-mask-background nonhundred-percent-fullwidth non-hundred-percent-height-scrolling\" style=\"--awb-border-radius-top-left:0px;--awb-border-radius-top-right:0px;--awb-border-radius-bottom-right:0px;--awb-border-radius-bottom-left:0px;--awb-flex-wrap:wrap;\" ><div class=\"fusion-builder-row fusion-row fusion-flex-align-items-flex-start fusion-flex-content-wrap\" style=\"max-width:1216.8px;margin-left: calc(-4% \/ 2 );margin-right: calc(-4% \/ 2 );\"><div class=\"fusion-layout-column fusion_builder_column fusion-builder-column-0 fusion_builder_column_1_1 1_1 fusion-flex-column\" style=\"--awb-bg-size:cover;--awb-width-large:100%;--awb-margin-top-large:0px;--awb-spacing-right-large:1.92%;--awb-margin-bottom-large:20px;--awb-spacing-left-large:1.92%;--awb-width-medium:100%;--awb-order-medium:0;--awb-spacing-right-medium:1.92%;--awb-spacing-left-medium:1.92%;--awb-width-small:100%;--awb-order-small:0;--awb-spacing-right-small:1.92%;--awb-spacing-left-small:1.92%;\"><div class=\"fusion-column-wrapper fusion-column-has-shadow fusion-flex-justify-content-flex-start fusion-content-layout-column\"><div class=\"fusion-image-element \" style=\"text-align:center;--awb-caption-title-font-family:var(--h2_typography-font-family);--awb-caption-title-font-weight:var(--h2_typography-font-weight);--awb-caption-title-font-style:var(--h2_typography-font-style);--awb-caption-title-size:var(--h2_typography-font-size);--awb-caption-title-transform:var(--h2_typography-text-transform);--awb-caption-title-line-height:var(--h2_typography-line-height);--awb-caption-title-letter-spacing:var(--h2_typography-letter-spacing);\"><span class=\" fusion-imageframe imageframe-none imageframe-1 hover-type-none\"><img decoding=\"async\" width=\"2000\" height=\"780\" title=\"olive-da-tavola-per-pagina\" src=\"https:\/\/eccebio.eu\/wp-content\/uploads\/2023\/04\/olive-da-tavola-per-pagina.jpg\" data-orig-src=\"https:\/\/eccebio.eu\/wp-content\/uploads\/2023\/04\/olive-da-tavola-per-pagina.jpg\" alt class=\"lazyload img-responsive wp-image-5371\" srcset=\"data:image\/svg+xml,%3Csvg%20xmlns%3D%27http%3A%2F%2Fwww.w3.org%2F2000%2Fsvg%27%20width%3D%272000%27%20height%3D%27780%27%20viewBox%3D%270%200%202000%20780%27%3E%3Crect%20width%3D%272000%27%20height%3D%27780%27%20fill-opacity%3D%220%22%2F%3E%3C%2Fsvg%3E\" data-srcset=\"https:\/\/eccebio.eu\/wp-content\/uploads\/2023\/04\/olive-da-tavola-per-pagina-200x78.jpg 200w, https:\/\/eccebio.eu\/wp-content\/uploads\/2023\/04\/olive-da-tavola-per-pagina-400x156.jpg 400w, https:\/\/eccebio.eu\/wp-content\/uploads\/2023\/04\/olive-da-tavola-per-pagina-600x234.jpg 600w, https:\/\/eccebio.eu\/wp-content\/uploads\/2023\/04\/olive-da-tavola-per-pagina-800x312.jpg 800w, https:\/\/eccebio.eu\/wp-content\/uploads\/2023\/04\/olive-da-tavola-per-pagina-1200x468.jpg 1200w, https:\/\/eccebio.eu\/wp-content\/uploads\/2023\/04\/olive-da-tavola-per-pagina.jpg 2000w\" data-sizes=\"auto\" data-orig-sizes=\"(max-width: 1024px) 100vw, (max-width: 640px) 100vw, 1200px\" \/><\/span><\/div><div class=\"fusion-title title fusion-title-1 fusion-title-text fusion-title-size-two\" style=\"--awb-margin-top:20px;--awb-margin-top-small:0px;--awb-margin-bottom-small:20px;\"><div class=\"title-sep-container title-sep-container-left fusion-no-large-visibility fusion-no-medium-visibility fusion-no-small-visibility\"><div class=\"title-sep sep- sep-solid\" style=\"border-color:var(--awb-color3);\"><\/div><\/div><span class=\"awb-title-spacer fusion-no-large-visibility fusion-no-medium-visibility fusion-no-small-visibility\"><\/span><h2 class=\"fusion-title-heading title-heading-left fusion-responsive-typography-calculated\" style=\"margin:0;text-transform:none;--fontSize:42;line-height:1;\">Gesunde oliven aus gesundem boden.<\/h2><span class=\"awb-title-spacer\"><\/span><div class=\"title-sep-container title-sep-container-right\"><div class=\"title-sep sep- sep-solid\" style=\"border-color:var(--awb-color3);\"><\/div><\/div><\/div><div class=\"fusion-text fusion-text-1\"><p>Die F\u00f6rderung des \u00f6kologischen Landbaus bedeutet die Einf\u00fchrung eines Produktionsmodells, das die \u00fcberm\u00e4\u00dfige Ausbeutung nat\u00fcrlicher Ressourcen wie Boden, Wasser und Luft vermeidet und in eine \u00f6kologisch nachhaltige Zukunft investiert. Das Gebiet des europ\u00e4ischen Mittelmeerraums bietet eine gro\u00dfe Vielfalt an Olivenanbauarten von h\u00f6chster Qualit\u00e4t, die sich im Laufe der Zeit und in sehr unterschiedlichen Kontexten aufgrund einzigartiger \u00f6kologischer, klimatischer und landschaftlicher Bedingungen entwickelt haben. Ein Erbe von au\u00dferordentlicher biologischer Vielfalt, das es zu pflegen und aufzuwerten gilt und zu dem jedes Gebiet mit verschiedenen Olivensorten (\u201eCultivar\u201c) beitr\u00e4gt, die sich durch besondere organoleptische Eigenschaften auszeichnen. Die europ\u00e4ische Olivenproduktion unterliegt daher einzigartigen Bedingungen, die sich im Laufe der Zeit entwickelt haben, so dass sie heute ein unnachahmliches Unikat in Bezug auf Geschmack, Ern\u00e4hrungs- und Gesundheitseigenschaften darstellt.<\/p>\n<\/div><\/div><\/div><\/div><\/div>\n","protected":false},"excerpt":{"rendered":"","protected":false},"author":1,"featured_media":0,"parent":5667,"menu_order":0,"comment_status":"closed","ping_status":"closed","template":"100-width.php","meta":{"om_disable_all_campaigns":false,"_monsterinsights_skip_tracking":false,"_monsterinsights_sitenote_active":false,"_monsterinsights_sitenote_note":"","_monsterinsights_sitenote_category":0,"_uf_show_specific_survey":0,"_uf_disable_surveys":false,"footnotes":""},"class_list":["post-5823","page","type-page","status-publish","hentry"],"aioseo_notices":[],"_links":{"self":[{"href":"https:\/\/eccebio.eu\/de\/wp-json\/wp\/v2\/pages\/5823","targetHints":{"allow":["GET"]}}],"collection":[{"href":"https:\/\/eccebio.eu\/de\/wp-json\/wp\/v2\/pages"}],"about":[{"href":"https:\/\/eccebio.eu\/de\/wp-json\/wp\/v2\/types\/page"}],"author":[{"embeddable":true,"href":"https:\/\/eccebio.eu\/de\/wp-json\/wp\/v2\/users\/1"}],"replies":[{"embeddable":true,"href":"https:\/\/eccebio.eu\/de\/wp-json\/wp\/v2\/comments?post=5823"}],"version-history":[{"count":11,"href":"https:\/\/eccebio.eu\/de\/wp-json\/wp\/v2\/pages\/5823\/revisions"}],"predecessor-version":[{"id":5836,"href":"https:\/\/eccebio.eu\/de\/wp-json\/wp\/v2\/pages\/5823\/revisions\/5836"}],"up":[{"embeddable":true,"href":"https:\/\/eccebio.eu\/de\/wp-json\/wp\/v2\/pages\/5667"}],"wp:attachment":[{"href":"https:\/\/eccebio.eu\/de\/wp-json\/wp\/v2\/media?parent=5823"}],"curies":[{"name":"wp","href":"https:\/\/api.w.org\/{rel}","templated":true}]}}