{"id":5759,"date":"2023-04-18T21:44:01","date_gmt":"2023-04-18T19:44:01","guid":{"rendered":"https:\/\/eccebio.eu\/home-page\/natives-bio-olivenoel-extra\/"},"modified":"2023-05-04T10:51:04","modified_gmt":"2023-05-04T08:51:04","slug":"natives-bio-olivenoel-extra","status":"publish","type":"page","link":"https:\/\/eccebio.eu\/de\/home-page\/natives-bio-olivenoel-extra\/","title":{"rendered":"Natives bio-oliven\u00f6l extra"},"content":{"rendered":"<div class=\"fusion-fullwidth fullwidth-box fusion-builder-row-1 fusion-flex-container has-pattern-background has-mask-background nonhundred-percent-fullwidth non-hundred-percent-height-scrolling\" style=\"--awb-border-radius-top-left:0px;--awb-border-radius-top-right:0px;--awb-border-radius-bottom-right:0px;--awb-border-radius-bottom-left:0px;--awb-flex-wrap:wrap;\" ><div class=\"fusion-builder-row fusion-row fusion-flex-align-items-flex-start fusion-flex-content-wrap\" style=\"max-width:1216.8px;margin-left: calc(-4% \/ 2 );margin-right: calc(-4% \/ 2 );\"><div class=\"fusion-layout-column fusion_builder_column fusion-builder-column-0 fusion_builder_column_1_1 1_1 fusion-flex-column\" style=\"--awb-bg-size:cover;--awb-width-large:100%;--awb-margin-top-large:0px;--awb-spacing-right-large:1.92%;--awb-margin-bottom-large:20px;--awb-spacing-left-large:1.92%;--awb-width-medium:100%;--awb-order-medium:0;--awb-spacing-right-medium:1.92%;--awb-spacing-left-medium:1.92%;--awb-width-small:100%;--awb-order-small:0;--awb-spacing-right-small:1.92%;--awb-spacing-left-small:1.92%;\"><div class=\"fusion-column-wrapper fusion-column-has-shadow fusion-flex-justify-content-flex-start fusion-content-layout-column\"><div class=\"fusion-image-element \" style=\"text-align:center;--awb-caption-title-font-family:var(--h2_typography-font-family);--awb-caption-title-font-weight:var(--h2_typography-font-weight);--awb-caption-title-font-style:var(--h2_typography-font-style);--awb-caption-title-size:var(--h2_typography-font-size);--awb-caption-title-transform:var(--h2_typography-text-transform);--awb-caption-title-line-height:var(--h2_typography-line-height);--awb-caption-title-letter-spacing:var(--h2_typography-letter-spacing);\"><span class=\" fusion-imageframe imageframe-none imageframe-1 hover-type-none\"><img decoding=\"async\" width=\"2560\" height=\"1496\" title=\"Bottle of oil with olive branch\" src=\"https:\/\/eccebio.eu\/wp-content\/uploads\/2023\/04\/immagine-PAGINA-olio-bio-scaled.jpg\" data-orig-src=\"https:\/\/eccebio.eu\/wp-content\/uploads\/2023\/04\/immagine-PAGINA-olio-bio-scaled.jpg\" alt class=\"lazyload img-responsive wp-image-5357\" srcset=\"data:image\/svg+xml,%3Csvg%20xmlns%3D%27http%3A%2F%2Fwww.w3.org%2F2000%2Fsvg%27%20width%3D%272560%27%20height%3D%271496%27%20viewBox%3D%270%200%202560%201496%27%3E%3Crect%20width%3D%272560%27%20height%3D%271496%27%20fill-opacity%3D%220%22%2F%3E%3C%2Fsvg%3E\" data-srcset=\"https:\/\/eccebio.eu\/wp-content\/uploads\/2023\/04\/immagine-PAGINA-olio-bio-200x117.jpg 200w, https:\/\/eccebio.eu\/wp-content\/uploads\/2023\/04\/immagine-PAGINA-olio-bio-400x234.jpg 400w, https:\/\/eccebio.eu\/wp-content\/uploads\/2023\/04\/immagine-PAGINA-olio-bio-600x351.jpg 600w, https:\/\/eccebio.eu\/wp-content\/uploads\/2023\/04\/immagine-PAGINA-olio-bio-800x468.jpg 800w, https:\/\/eccebio.eu\/wp-content\/uploads\/2023\/04\/immagine-PAGINA-olio-bio-1200x701.jpg 1200w, https:\/\/eccebio.eu\/wp-content\/uploads\/2023\/04\/immagine-PAGINA-olio-bio-scaled.jpg 2560w\" data-sizes=\"auto\" data-orig-sizes=\"(max-width: 1024px) 100vw, (max-width: 640px) 100vw, 1200px\" \/><\/span><\/div><div class=\"fusion-title title fusion-title-1 fusion-title-text fusion-title-size-two\" style=\"--awb-margin-top:20px;--awb-margin-top-small:0px;--awb-margin-bottom-small:20px;\"><div class=\"title-sep-container title-sep-container-left fusion-no-large-visibility fusion-no-medium-visibility fusion-no-small-visibility\"><div class=\"title-sep sep- sep-solid\" style=\"border-color:var(--awb-color3);\"><\/div><\/div><span class=\"awb-title-spacer fusion-no-large-visibility fusion-no-medium-visibility fusion-no-small-visibility\"><\/span><h2 class=\"fusion-title-heading title-heading-left fusion-responsive-typography-calculated\" style=\"margin:0;text-transform:none;--fontSize:42;line-height:1;\">Natives bio-oliven\u00f6l extra. Das gute, das zum wohlbefinden beitr\u00e4gt.<\/h2><span class=\"awb-title-spacer\"><\/span><div class=\"title-sep-container title-sep-container-right\"><div class=\"title-sep sep- sep-solid\" style=\"border-color:var(--awb-color3);\"><\/div><\/div><\/div><div class=\"fusion-text fusion-text-1\"><p>Natives Oliven\u00f6l extra ist nicht nur ein Lebensmittel, sondern auch ein hervorragender Verb\u00fcndeter bei der Vorbeugung zahlreicher Krankheiten. Mehrere Studien haben gezeigt, dass seine t\u00e4gliche Verwendung dazu beitragen kann, das LDL-Cholesterin, das \u201eschlechte Cholesterin\u201c, im Blut zu senken und den Anteil des \u201eguten\u201c HDL-Cholesterins zu erh\u00f6hen. Der regelm\u00e4\u00dfige Verzehr von biologischem EVO-\u00d6l &#8211; sowohl bei Tisch als auch au\u00dferhalb der Mahlzeiten &#8211; tr\u00e4gt zur Senkung des Blutdrucks bei und beugt Herzkrankheiten vor. Aber das ist noch nicht alles: Die im nativen Oliven\u00f6l extra enthaltenen Polyphenole und das Vitamin E haben eine starke antioxidative Wirkung, die zur Vorbeugung von Arteriosklerose beitr\u00e4gt und die Alterung von Zellen und Haut verlangsamt. J\u00fcngste Studien haben zudem das Wohlbefinden von Menschen hervorgehoben, die sich reichlich mit EVO-\u00d6l ern\u00e4hren und dass diese weniger Probleme mit Osteoporose und rheumatischer Arthritis haben als Menschen, die wenig davon zu sich nehmen.<\/p>\n<\/div><\/div><\/div><\/div><\/div>\n","protected":false},"excerpt":{"rendered":"","protected":false},"author":1,"featured_media":0,"parent":5667,"menu_order":0,"comment_status":"closed","ping_status":"closed","template":"100-width.php","meta":{"om_disable_all_campaigns":false,"_monsterinsights_skip_tracking":false,"_monsterinsights_sitenote_active":false,"_monsterinsights_sitenote_note":"","_monsterinsights_sitenote_category":0,"_uf_show_specific_survey":0,"_uf_disable_surveys":false,"footnotes":""},"class_list":["post-5759","page","type-page","status-publish","hentry"],"aioseo_notices":[],"_links":{"self":[{"href":"https:\/\/eccebio.eu\/de\/wp-json\/wp\/v2\/pages\/5759","targetHints":{"allow":["GET"]}}],"collection":[{"href":"https:\/\/eccebio.eu\/de\/wp-json\/wp\/v2\/pages"}],"about":[{"href":"https:\/\/eccebio.eu\/de\/wp-json\/wp\/v2\/types\/page"}],"author":[{"embeddable":true,"href":"https:\/\/eccebio.eu\/de\/wp-json\/wp\/v2\/users\/1"}],"replies":[{"embeddable":true,"href":"https:\/\/eccebio.eu\/de\/wp-json\/wp\/v2\/comments?post=5759"}],"version-history":[{"count":17,"href":"https:\/\/eccebio.eu\/de\/wp-json\/wp\/v2\/pages\/5759\/revisions"}],"predecessor-version":[{"id":5782,"href":"https:\/\/eccebio.eu\/de\/wp-json\/wp\/v2\/pages\/5759\/revisions\/5782"}],"up":[{"embeddable":true,"href":"https:\/\/eccebio.eu\/de\/wp-json\/wp\/v2\/pages\/5667"}],"wp:attachment":[{"href":"https:\/\/eccebio.eu\/de\/wp-json\/wp\/v2\/media?parent=5759"}],"curies":[{"name":"wp","href":"https:\/\/api.w.org\/{rel}","templated":true}]}}